{"id":19,"date":"2022-06-02T09:07:26","date_gmt":"2022-06-02T09:07:26","guid":{"rendered":"http:\/\/gl-sellingvej.dk\/?page_id=19"},"modified":"2026-01-05T10:56:00","modified_gmt":"2026-01-05T10:56:00","slug":"beskrivelse","status":"publish","type":"page","link":"https:\/\/gl-sellingvej.dk\/index.php\/beskrivelse\/","title":{"rendered":"Beskrivelse og plantegning"},"content":{"rendered":"\n<h2 class=\"wp-block-heading\">Beskrivelse af r\u00e6kkehusene<\/h2>\n\n\n<p>L\u00e6kre&nbsp; r\u00e6kkehuse 110,8 m2 i 2 etager, funktionelle og energivenlige, indrettet med k\u00f8kken\/alrum \u2013 stue, 1 toilet, sovev\u00e6relse og 2 v\u00e6r. 1 badev\u00e6relser p\u00e5 f\u00f8rste sal derudover er et 2.5 m2 stort depot rum og parkeringsplads.&nbsp;<\/p>\n<p>K\u00f8kken, skabe og bademilj\u00f8 er l\u00e6kre gr\u00e5 elementer. Der forefindes induktionskogeplade samt emh\u00e6tte, k\u00f8leskab. Der er opvaskemaskine, vaskemaskine og kondenstumbler. Lejlighederne har tr\u00e6gulv med gulvvarme og klinker i badev\u00e6relse.<\/p>\n<p>Fjernvarme med genveksanl\u00e6g varme.<\/p>\n<p>Dejlig baghave p\u00e5 40 m2, opholdsplads med parkering til 2 biler foran huset. Der er 230 m2 til f\u00e6llesareal.<\/p>\n<p>Forbrug afregnes aconto for vand og varme, el med forsyningsv\u00e6rket.<\/p>\n<p>De 8 r\u00e6kkehusene bliver bygget af <a href=\"http:\/\/www.hph-totalbyg.dk\">HPH Totalbyg A\/S<\/a><\/p>\n<p>Se ogs\u00e5 <a href=\"http:\/\/www.hph-detal-boligbyg.dk\">HPH detail og boligbyg A\/S<\/a><\/p>\n<p><strong>Plantegning&nbsp;<\/strong><\/p>\n<p>&nbsp;<\/p>\n\n\n<figure class=\"wp-block-gallery has-nested-images columns-default is-cropped wp-block-gallery-1 is-layout-flex wp-block-gallery-is-layout-flex\">\n<figure class=\"wp-block-image size-large\"><img loading=\"lazy\" decoding=\"async\" width=\"471\" height=\"1024\" data-id=\"39\" src=\"http:\/\/gl-sellingvej.dk\/wp-content\/uploads\/2022\/06\/GL-S-Plan-471x1024.jpg\" alt=\"\" class=\"wp-image-39\" srcset=\"https:\/\/gl-sellingvej.dk\/wp-content\/uploads\/2022\/06\/GL-S-Plan-471x1024.jpg 471w, https:\/\/gl-sellingvej.dk\/wp-content\/uploads\/2022\/06\/GL-S-Plan-138x300.jpg 138w, https:\/\/gl-sellingvej.dk\/wp-content\/uploads\/2022\/06\/GL-S-Plan-768x1670.jpg 768w, https:\/\/gl-sellingvej.dk\/wp-content\/uploads\/2022\/06\/GL-S-Plan-707x1536.jpg 707w, https:\/\/gl-sellingvej.dk\/wp-content\/uploads\/2022\/06\/GL-S-Plan-942x2048.jpg 942w, https:\/\/gl-sellingvej.dk\/wp-content\/uploads\/2022\/06\/GL-S-Plan-scaled.jpg 1178w\" sizes=\"auto, (max-width: 471px) 100vw, 471px\" \/><\/figure>\n\n\n\n<figure class=\"wp-block-image size-large\"><img loading=\"lazy\" decoding=\"async\" width=\"471\" height=\"1024\" data-id=\"45\" src=\"http:\/\/gl-sellingvej.dk\/wp-content\/uploads\/2022\/06\/GL-S-1-sal-N-471x1024.jpg\" alt=\"\" class=\"wp-image-45\" srcset=\"https:\/\/gl-sellingvej.dk\/wp-content\/uploads\/2022\/06\/GL-S-1-sal-N-471x1024.jpg 471w, https:\/\/gl-sellingvej.dk\/wp-content\/uploads\/2022\/06\/GL-S-1-sal-N-138x300.jpg 138w, https:\/\/gl-sellingvej.dk\/wp-content\/uploads\/2022\/06\/GL-S-1-sal-N-768x1670.jpg 768w, https:\/\/gl-sellingvej.dk\/wp-content\/uploads\/2022\/06\/GL-S-1-sal-N-707x1536.jpg 707w, https:\/\/gl-sellingvej.dk\/wp-content\/uploads\/2022\/06\/GL-S-1-sal-N-942x2048.jpg 942w, https:\/\/gl-sellingvej.dk\/wp-content\/uploads\/2022\/06\/GL-S-1-sal-N-scaled.jpg 1178w\" sizes=\"auto, (max-width: 471px) 100vw, 471px\" \/><\/figure>\n<\/figure>\n\n\n\nngg_shortcode_0_placeholder\n\n\n<h4>Huslejen er Kr. 10.596,- pr. mdr. &nbsp;<\/h4>\n<h4>Depositum er 3 mdrs. husleje &#8211; kr. 31.788,-<\/h4>\n<h4>+ forudbetalt 1 mdrs. &nbsp;husleje,- Kr. 10.596,-<\/h4>\n<h4>Ved underskrivelse af kontrakt :&nbsp; Kr. 42.384,-<\/h4>\n<h4>Ved indflytning&nbsp; 1. mdrs husleje&nbsp; Kr. 10.596,-<\/h4>\nngg_shortcode_1_placeholder\n<p><a href=\"http:\/\/gl-sellingvej.dk\/index.php\/beliggenhed\/\">L\u00e6s om beliggenheden her<\/a><\/p>\n<p>Se vores andre r\u00e6kkehuse p\u00e5 <a href=\"http:\/\/www.r\u00f8nnevangen.dk\">www.r\u00f8nnevangen.dk<\/a><\/p>\n<p><a href=\"http:\/\/www.hph-totalbyg.dk\">Bygget af HPH Totalbyg&nbsp; A\/S Rho 1, 8382 Hinnerup<\/a><\/p>","protected":false},"excerpt":{"rendered":"<p>Beskrivelse af r\u00e6kkehusene L\u00e6kre&nbsp; r\u00e6kkehuse 110,8 m2 i 2 etager, funktionelle og energivenlige, indrettet med k\u00f8kken\/alrum \u2013 stue, 1 toilet, sovev\u00e6relse og 2 v\u00e6r. 1 badev\u00e6relser p\u00e5 f\u00f8rste sal derudover er et 2.5 m2 stort depot rum og parkeringsplads.&nbsp; K\u00f8kken, &hellip; <a href=\"https:\/\/gl-sellingvej.dk\/index.php\/beskrivelse\/\">L\u00e6s resten <span class=\"meta-nav\">&rarr;<\/span><\/a><\/p>\n","protected":false},"author":1,"featured_media":0,"parent":0,"menu_order":0,"comment_status":"closed","ping_status":"closed","template":"","meta":{"ngg_post_thumbnail":0,"footnotes":""},"class_list":["post-19","page","type-page","status-publish","hentry"],"jetpack_sharing_enabled":true,"_links":{"self":[{"href":"https:\/\/gl-sellingvej.dk\/index.php\/wp-json\/wp\/v2\/pages\/19","targetHints":{"allow":["GET"]}}],"collection":[{"href":"https:\/\/gl-sellingvej.dk\/index.php\/wp-json\/wp\/v2\/pages"}],"about":[{"href":"https:\/\/gl-sellingvej.dk\/index.php\/wp-json\/wp\/v2\/types\/page"}],"author":[{"embeddable":true,"href":"https:\/\/gl-sellingvej.dk\/index.php\/wp-json\/wp\/v2\/users\/1"}],"replies":[{"embeddable":true,"href":"https:\/\/gl-sellingvej.dk\/index.php\/wp-json\/wp\/v2\/comments?post=19"}],"version-history":[{"count":25,"href":"https:\/\/gl-sellingvej.dk\/index.php\/wp-json\/wp\/v2\/pages\/19\/revisions"}],"predecessor-version":[{"id":350,"href":"https:\/\/gl-sellingvej.dk\/index.php\/wp-json\/wp\/v2\/pages\/19\/revisions\/350"}],"wp:attachment":[{"href":"https:\/\/gl-sellingvej.dk\/index.php\/wp-json\/wp\/v2\/media?parent=19"}],"curies":[{"name":"wp","href":"https:\/\/api.w.org\/{rel}","templated":true}]}}