{"id":17,"date":"2022-05-30T12:20:05","date_gmt":"2022-05-30T12:20:05","guid":{"rendered":"http:\/\/gl-sellingvej.dk\/?page_id=17"},"modified":"2022-09-13T08:39:34","modified_gmt":"2022-09-13T08:39:34","slug":"beliggenhed","status":"publish","type":"page","link":"https:\/\/gl-sellingvej.dk\/index.php\/beliggenhed\/","title":{"rendered":"Beliggenhed"},"content":{"rendered":"\n<figure class=\"wp-block-image size-large\"><img loading=\"lazy\" decoding=\"async\" width=\"1024\" height=\"351\" src=\"http:\/\/gl-sellingvej.dk\/wp-content\/uploads\/2022\/06\/grund-gl.-sellingvej-1024x351.png\" alt=\"\" class=\"wp-image-80\" srcset=\"https:\/\/gl-sellingvej.dk\/wp-content\/uploads\/2022\/06\/grund-gl.-sellingvej-1024x351.png 1024w, https:\/\/gl-sellingvej.dk\/wp-content\/uploads\/2022\/06\/grund-gl.-sellingvej-300x103.png 300w, https:\/\/gl-sellingvej.dk\/wp-content\/uploads\/2022\/06\/grund-gl.-sellingvej-768x263.png 768w, https:\/\/gl-sellingvej.dk\/wp-content\/uploads\/2022\/06\/grund-gl.-sellingvej-1536x526.png 1536w, https:\/\/gl-sellingvej.dk\/wp-content\/uploads\/2022\/06\/grund-gl.-sellingvej-2048x701.png 2048w, https:\/\/gl-sellingvej.dk\/wp-content\/uploads\/2022\/06\/grund-gl.-sellingvej-500x171.png 500w\" sizes=\"auto, (max-width: 1024px) 100vw, 1024px\" \/><figcaption>Kort over bebyggelsen<\/figcaption><\/figure>\n\n\n<p>&nbsp;<\/p>\n<p>R\u00e6kkehusene ligger i Hadsten, <a href=\"https:\/\/www.dingeo.dk\/kommune\/favrskov\">Favrskov Kommune.<\/a> Grunden til de 8 r\u00e6kkerhuse ligger syd for Gl. Sellingvej, i den sydlige del af byen. Grunden er mod syd, vest og \u00f8st omgivet af gr\u00f8nne rekreative naturpr\u00e6gede omr\u00e5der.&nbsp;og tilh\u00f8rer skoledistriktet&nbsp;<a href=\"https:\/\/www.dingeo.dk\/kommune\/favrskov\/skole\/oestervangskolen\">\u00d8stervangskolen<\/a>.<\/p>\n<p>De 8 r\u00e6kkehuse er Gl. Sellingvej&nbsp; nr. 12A,12B,12C,12D,12E,12F,12G,12 H.<\/p>\n<p>De n\u00e6rmeste naboer er typisk&nbsp;<em>veluddannede, etablerede h\u00f8jindkomstfamilier<\/em>&nbsp;Den \u00e5rlige risiko for indbrud er 1.64 procent i omr\u00e5det<\/p>\n<h1>Lidt om Hadsten &#8211; byliv, natur, tog og E45<\/h1>\n<h2>En moderne by til hele livet<\/h2>\n<p>Hadsten er med sine ca. 8.000 indbyggere en by med mange gode tilbud og faciliteter. Byen har alt, hvad man skal bruge i hverdagen af daginstitutioner, skoler, gymnasium, \u00f8vrige uddannelsesinstitutioner, dagligvarebutikker og et bredt udvalg af detailbutikker.<\/p>\n<p><strong>B\u00f8rnepasning, skoler og fritid<\/strong><\/p>\n<p>Byen har flere skoler og et st\u00e6rkt tilbud af daginstitutioner&nbsp;med&nbsp;pasningsgaranti&nbsp;fra barnets 26. uge. <a href=\"https:\/\/favrskov.dk\/borger\/familie-og-boern\">Se mere om skole og b\u00f8rnepasning her.<\/a>&nbsp;<\/p>\n<p>Hadsten har et rigt foreningsliv og der findes masser af muligheder for et aktivt fritidsliv. Gode sportsfaciliteter og naturen uden for d\u00f8ren giver mulighed for, at du kan f\u00e5 dig r\u00f8rt &#8211;&nbsp;b\u00e5de alene og sammen med andre. Desuden har Hadsten sit eget&nbsp;<a href=\"http:\/\/hadstenkulturhus.dk\/\">bibliotek, og kulturhus.<\/a><\/p>\n<p><strong>Transport og trafik<\/strong><\/p>\n<p>Centralt i byen&nbsp;ligger rutebil- og togstation, hvor der fra sidstn\u00e6vnte i dagtimerne er tre afgange i timen.&nbsp;Det g\u00e6lder b\u00e5de mod s\u00e5vel Aarhus\/K\u00f8benhavn som Randers\/Aalborg, idet alle IC-tog samt flere regionaltog standser i byen. Ligeledes g\u00e5r der j\u00e6vnligt b\u00e5de tog og busser mod Viborg.<\/p>\n<h1>Afstand til Aarhus C er 25 km til Randers C 17 km, n\u00e6rmeste tilk\u00f8rsel til motorvej E45 ligger kun 7 km v\u00e6k.<\/h1>\n<p><a href=\"https:\/\/flyttilfavrskov.dk\/opdag-favrskov\">&nbsp;l\u00e6s om naturen i farvskov kommune klik her<\/a><\/p>","protected":false},"excerpt":{"rendered":"<p>&nbsp; R\u00e6kkehusene ligger i Hadsten, Favrskov Kommune. Grunden til de 8 r\u00e6kkerhuse ligger syd for Gl. Sellingvej, i den sydlige del af byen. Grunden er mod syd, vest og \u00f8st omgivet af gr\u00f8nne rekreative naturpr\u00e6gede omr\u00e5der.&nbsp;og tilh\u00f8rer skoledistriktet&nbsp;\u00d8stervangskolen. De 8 &hellip; <a href=\"https:\/\/gl-sellingvej.dk\/index.php\/beliggenhed\/\">L\u00e6s resten <span class=\"meta-nav\">&rarr;<\/span><\/a><\/p>\n","protected":false},"author":1,"featured_media":0,"parent":0,"menu_order":0,"comment_status":"closed","ping_status":"closed","template":"","meta":{"ngg_post_thumbnail":0,"footnotes":""},"class_list":["post-17","page","type-page","status-publish","hentry"],"jetpack_sharing_enabled":true,"_links":{"self":[{"href":"https:\/\/gl-sellingvej.dk\/index.php\/wp-json\/wp\/v2\/pages\/17","targetHints":{"allow":["GET"]}}],"collection":[{"href":"https:\/\/gl-sellingvej.dk\/index.php\/wp-json\/wp\/v2\/pages"}],"about":[{"href":"https:\/\/gl-sellingvej.dk\/index.php\/wp-json\/wp\/v2\/types\/page"}],"author":[{"embeddable":true,"href":"https:\/\/gl-sellingvej.dk\/index.php\/wp-json\/wp\/v2\/users\/1"}],"replies":[{"embeddable":true,"href":"https:\/\/gl-sellingvej.dk\/index.php\/wp-json\/wp\/v2\/comments?post=17"}],"version-history":[{"count":23,"href":"https:\/\/gl-sellingvej.dk\/index.php\/wp-json\/wp\/v2\/pages\/17\/revisions"}],"predecessor-version":[{"id":201,"href":"https:\/\/gl-sellingvej.dk\/index.php\/wp-json\/wp\/v2\/pages\/17\/revisions\/201"}],"wp:attachment":[{"href":"https:\/\/gl-sellingvej.dk\/index.php\/wp-json\/wp\/v2\/media?parent=17"}],"curies":[{"name":"wp","href":"https:\/\/api.w.org\/{rel}","templated":true}]}}