{"id":15,"date":"2022-05-19T09:41:53","date_gmt":"2022-05-19T09:41:53","guid":{"rendered":"http:\/\/gl-sellingvej.dk\/?page_id=15"},"modified":"2026-02-16T12:56:34","modified_gmt":"2026-02-16T12:56:34","slug":"forside","status":"publish","type":"page","link":"https:\/\/gl-sellingvej.dk\/index.php\/forside\/","title":{"rendered":"Forside"},"content":{"rendered":"\n<figure class=\"wp-block-embed is-type-video is-provider-youtube wp-block-embed-youtube wp-embed-aspect-16-9 wp-has-aspect-ratio\"><div class=\"wp-block-embed__wrapper\">\n<iframe loading=\"lazy\" title=\"Visualisering af HPH Totalbyg A\/S projekt : R\u00e6kkehuse p\u00e5 Gl Sellingevej 12, visualisering\" width=\"584\" height=\"329\" src=\"https:\/\/www.youtube.com\/embed\/6MISJ1d0Inw?feature=oembed\" frameborder=\"0\" allow=\"accelerometer; autoplay; clipboard-write; encrypted-media; gyroscope; picture-in-picture; web-share\" referrerpolicy=\"strict-origin-when-cross-origin\" allowfullscreen><\/iframe>\n<\/div><\/figure>\n\n\n\n\n<h1>L\u00e6kre r\u00e6kkehuse p\u00e5 Gl. Sellingvej 12<\/h1>\n<p>&nbsp;<\/p>\n<ul>\n<li>\n<h1><span style=\"font-size: revert; font-weight: 300; color: #333333;\">L\u00e6kre nybyggede r\u00e6kkehuse 110,8 m2 i 2 etager, funktionelle og energivenlige, indrettet med k\u00f8kken\/alrum \u2013 stue, 1 toilet, sovev\u00e6relse, 2 v\u00e6r. og 1 badev\u00e6relse p\u00e5 f\u00f8rste sal derudover er et 2,5 m2 stort depot rum og parkeringsplads.<\/span><\/h1>\n<\/li>\n<\/ul>\n<p>K\u00f8kken, skabe og bademilj\u00f8 er l\u00e6kre lyse elementer. Der forefindes induktions kogeplade samt emh\u00e6tte, k\u00f8leskab. Der er opvaskemaskine, vaskemaskine og kondenstumbler. Lejlighederne har tr\u00e6gulv med gulvvarme og klinker i badev\u00e6relse.<\/p>\n<p>Dejlig baghave p\u00e5 40 m2, opholdsplads med parkering til 2 biler foran huset. Der er 230 m2 til f\u00e6llesareal.<\/p>\n<h4>Huslejen er Kr.10.824,- pr. mdr. &nbsp;<\/h4>\n<h4>Depositum er 3 mdrs. husleje &#8211; kr. 32.472,-<\/h4>\n<h4>+ forudbetalt 1 mdrs. &nbsp;husleje,- Kr. 10.824,-+ vandaflednings afgift kr. 250,00<\/h4>\n<h4>Ved underskrivelse af kontrakt :&nbsp; <strong>Kr. 43.296,-<\/strong><\/h4>\n<h4>Ved indflytning&nbsp; 1. mdrs husleje&nbsp; <strong>Kr. 10.824,- + kr. 250&nbsp; =&nbsp; Kr. 11.074,00<\/strong><\/h4>\n<p>El, vand, varme afregnes med forbrugsv\u00e6rkerne<\/p>\n<p>Se mere p\u00e5<a href=\"http:\/\/gl-sellingvej.dk\/index.php\/beliggenhed\/\"> www.gl-sellingvej.dk<\/a><\/p>\nngg_shortcode_0_placeholder\n<p>&nbsp;<\/p>\n\n\nngg_shortcode_1_placeholder\n\n\n\n<figure class=\"wp-block-gallery has-nested-images columns-default is-cropped wp-block-gallery-1 is-layout-flex wp-block-gallery-is-layout-flex\"><\/figure>\n\n\n<div id=\"wpgmza_map\" class=\"wpgmza_map\" data-settings='{\"id\":\"1\",\"map_title\":\"New Map\",\"map_width\":\"100\",\"map_height\":\"400\",\"map_start_lat\":\"56.26536153309084\",\"map_start_lng\":\"10.021308964401737\",\"map_start_location\":\"45.950464398418106,-109.81550500000003\",\"map_start_zoom\":\"10\",\"default_marker\":\"\",\"type\":\"0\",\"alignment\":\"4\",\"directions_enabled\":\"0\",\"styling_enabled\":\"0\",\"styling_json\":\"\",\"active\":\"0\",\"kml\":\"\",\"bicycle\":\"0\",\"traffic\":\"0\",\"dbox\":\"0\",\"dbox_width\":\"\",\"listmarkers\":\"0\",\"listmarkers_advanced\":\"0\",\"filterbycat\":\"0\",\"ugm_enabled\":\"0\",\"ugm_category_enabled\":\"0\",\"fusion\":\"\",\"map_width_type\":\"%\",\"map_height_type\":\"px\",\"mass_marker_support\":\"0\",\"ugm_access\":\"0\",\"order_markers_by\":\"0\",\"order_markers_choice\":\"0\",\"show_user_location\":\"0\",\"default_to\":\"\",\"other_settings\":{\"map_type\":1,\"sl_stroke_color\":\"\",\"sl_fill_color\":\"\",\"sl_stroke_opacity\":\"\",\"sl_fill_opacity\":\"\",\"transport_layer\":false,\"action\":\"wpgmza_save_map\",\"redirect_to\":\"\\\/wp-admin\\\/admin-post.php\",\"map_id\":\"1\",\"http_referer\":\"\\\/wp-admin\\\/admin.php?page=wp-google-maps-menu&amp;amp;action=edit&amp;amp;map_id=1\",\"wpgmza_id\":\"1\",\"wpgmza_start_location\":\"56.26536153309084,10.021308964401737\",\"wpgmza_start_zoom\":\"10\",\"store_locator_enabled\":false,\"store_locator_search_area\":\"radial\",\"wpgmza_store_locator_radius_style\":\"legacy\",\"wpgmza_store_locator_default_radius\":\"10\",\"store_locator_auto_area_max_zoom\":\"\",\"store_locator_distance\":false,\"wpgmza_store_locator_position\":false,\"store_locator_show_distance\":false,\"store_locator_category\":false,\"wpgmza_store_locator_use_their_location\":false,\"wpgmza_store_locator_bounce\":false,\"wpgmza_sl_animation\":null,\"wpgmza_store_locator_hide_before_search\":false,\"store_locator_query_string\":\"\",\"store_locator_default_address\":\"\",\"store_locator_name_search\":false,\"store_locator_name_string\":\"\",\"store_locator_not_found_message\":\"\",\"wpgmza_map_align\":\"1\",\"jump_to_nearest_marker_on_initialization\":false,\"automatically_pan_to_users_location\":false,\"override_users_location_zoom_level\":false,\"override_users_location_zoom_levels\":\"\",\"show_distance_from_location\":false,\"map_max_zoom\":\"21\",\"map_min_zoom\":\"0\",\"click_open_link\":false,\"fit_maps_bounds_to_markers\":false,\"fit_maps_bounds_to_markers_after_filtering\":false,\"hide_point_of_interest\":false,\"wpgmza_zoom_on_marker_click\":false,\"wpgmza_zoom_on_marker_click_slider\":\"\",\"close_infowindow_on_map_click\":false,\"disable_lightbox_images\":false,\"use_Raw_Jpeg_Coordinates\":false,\"disable_polygon_info_windows\":false,\"enable_marker_ratings\":false,\"only_load_markers_within_viewport\":false,\"iw_primary_color\":\"#000000\",\"iw_accent_color\":\"#000000\",\"iw_text_color\":\"#000000\",\"wpgmza_listmarkers_by\":\"0\",\"wpgmza_marker_listing_position\":false,\"zoom_level_on_marker_listing_override\":false,\"zoom_level_on_marker_listing_click\":\"\",\"datatable_no_result_message\":\"\",\"remove_search_box_datables\":false,\"dataTable_pagination_style\":null,\"datatable_search_string\":\"\",\"datatable_result_start\":\"\",\"datatable_result_of\":\"\",\"datatable_result_to\":\"\",\"datatable_result_total\":\"\",\"datatable_result_show\":\"\",\"datatable_result_entries\":\"\",\"wpgmza_savemap\":\"Gem Kort \\u00bb\"}}' data-map-id='1' Data-maps-engine='open-layers' data-shortcode-attributes='{\"id\":\"1\"}' style=\"display:block; overflow:auto; width:100%; height:400px; float:left;\"><\/div>\n\n<p>&nbsp;<\/p>\n<p><a href=\"http:\/\/gl-sellingvej.dk\/\">G\u00e5 til forsiden<\/a><\/p>\n<p>Hph-totalbyg bygger r\u00e6kkehusene, se <a href=\"http:\/\/hph-totalbyg.dk\">www.hph-totalbyg.dk<\/a><\/p>\n<p>Se vores andre r\u00e6kkehuse p\u00e5 <a href=\"http:\/\/www.r\u00f8nnevangen.dk\">www.r\u00f8nnevangen.dk<\/a><\/p>","protected":false},"excerpt":{"rendered":"<p>L\u00e6kre r\u00e6kkehuse p\u00e5 Gl. Sellingvej 12 &nbsp; L\u00e6kre nybyggede r\u00e6kkehuse 110,8 m2 i 2 etager, funktionelle og energivenlige, indrettet med k\u00f8kken\/alrum \u2013 stue, 1 toilet, sovev\u00e6relse, 2 v\u00e6r. og 1 badev\u00e6relse p\u00e5 f\u00f8rste sal derudover er et 2,5 m2 stort &hellip; <a href=\"https:\/\/gl-sellingvej.dk\/index.php\/forside\/\">L\u00e6s resten <span class=\"meta-nav\">&rarr;<\/span><\/a><\/p>\n","protected":false},"author":1,"featured_media":0,"parent":0,"menu_order":0,"comment_status":"closed","ping_status":"closed","template":"","meta":{"ngg_post_thumbnail":0,"footnotes":""},"class_list":["post-15","page","type-page","status-publish","hentry"],"jetpack_sharing_enabled":true,"_links":{"self":[{"href":"https:\/\/gl-sellingvej.dk\/index.php\/wp-json\/wp\/v2\/pages\/15","targetHints":{"allow":["GET"]}}],"collection":[{"href":"https:\/\/gl-sellingvej.dk\/index.php\/wp-json\/wp\/v2\/pages"}],"about":[{"href":"https:\/\/gl-sellingvej.dk\/index.php\/wp-json\/wp\/v2\/types\/page"}],"author":[{"embeddable":true,"href":"https:\/\/gl-sellingvej.dk\/index.php\/wp-json\/wp\/v2\/users\/1"}],"replies":[{"embeddable":true,"href":"https:\/\/gl-sellingvej.dk\/index.php\/wp-json\/wp\/v2\/comments?post=15"}],"version-history":[{"count":41,"href":"https:\/\/gl-sellingvej.dk\/index.php\/wp-json\/wp\/v2\/pages\/15\/revisions"}],"predecessor-version":[{"id":361,"href":"https:\/\/gl-sellingvej.dk\/index.php\/wp-json\/wp\/v2\/pages\/15\/revisions\/361"}],"wp:attachment":[{"href":"https:\/\/gl-sellingvej.dk\/index.php\/wp-json\/wp\/v2\/media?parent=15"}],"curies":[{"name":"wp","href":"https:\/\/api.w.org\/{rel}","templated":true}]}}